{"id":87,"date":"2020-02-20T13:30:04","date_gmt":"2020-02-20T10:30:04","guid":{"rendered":"http:\/\/techxp.eu\/cz\/?page_id=87"},"modified":"2025-04-14T11:38:33","modified_gmt":"2025-04-14T08:38:33","slug":"it-dept-automation-using-glpi","status":"publish","type":"page","link":"https:\/\/techxp.eu\/cz\/services\/it-dept-automation-using-glpi\/","title":{"rendered":"Automatizace IT odd\u011blen\u00ed pomoc\u00ed GLPI"},"content":{"rendered":"","protected":false},"excerpt":{"rendered":"","protected":false},"author":6,"featured_media":0,"parent":89,"menu_order":0,"comment_status":"closed","ping_status":"closed","template":"","meta":[],"_links":{"self":[{"href":"https:\/\/techxp.eu\/cz\/wp-json\/wp\/v2\/pages\/87"}],"collection":[{"href":"https:\/\/techxp.eu\/cz\/wp-json\/wp\/v2\/pages"}],"about":[{"href":"https:\/\/techxp.eu\/cz\/wp-json\/wp\/v2\/types\/page"}],"author":[{"embeddable":true,"href":"https:\/\/techxp.eu\/cz\/wp-json\/wp\/v2\/users\/6"}],"replies":[{"embeddable":true,"href":"https:\/\/techxp.eu\/cz\/wp-json\/wp\/v2\/comments?post=87"}],"version-history":[{"count":1,"href":"https:\/\/techxp.eu\/cz\/wp-json\/wp\/v2\/pages\/87\/revisions"}],"predecessor-version":[{"id":88,"href":"https:\/\/techxp.eu\/cz\/wp-json\/wp\/v2\/pages\/87\/revisions\/88"}],"up":[{"embeddable":true,"href":"https:\/\/techxp.eu\/cz\/wp-json\/wp\/v2\/pages\/89"}],"wp:attachment":[{"href":"https:\/\/techxp.eu\/cz\/wp-json\/wp\/v2\/media?parent=87"}],"curies":[{"name":"wp","href":"https:\/\/api.w.org\/{rel}","templated":true}]}}