{"id":134,"date":"2020-03-23T18:32:53","date_gmt":"2020-03-23T15:32:53","guid":{"rendered":"http:\/\/techxp.eu\/cz\/?page_id=134"},"modified":"2025-04-14T11:39:49","modified_gmt":"2025-04-14T08:39:49","slug":"it-assets-management","status":"publish","type":"page","link":"https:\/\/techxp.eu\/cz\/services\/it-assets-management\/","title":{"rendered":"Automatizace \u0159\u00edzen\u00ed proces\u016f \u017eivotn\u00edho cyklu IT aktiv"},"content":{"rendered":"","protected":false},"excerpt":{"rendered":"","protected":false},"author":6,"featured_media":0,"parent":89,"menu_order":0,"comment_status":"closed","ping_status":"closed","template":"","meta":[],"_links":{"self":[{"href":"https:\/\/techxp.eu\/cz\/wp-json\/wp\/v2\/pages\/134"}],"collection":[{"href":"https:\/\/techxp.eu\/cz\/wp-json\/wp\/v2\/pages"}],"about":[{"href":"https:\/\/techxp.eu\/cz\/wp-json\/wp\/v2\/types\/page"}],"author":[{"embeddable":true,"href":"https:\/\/techxp.eu\/cz\/wp-json\/wp\/v2\/users\/6"}],"replies":[{"embeddable":true,"href":"https:\/\/techxp.eu\/cz\/wp-json\/wp\/v2\/comments?post=134"}],"version-history":[{"count":2,"href":"https:\/\/techxp.eu\/cz\/wp-json\/wp\/v2\/pages\/134\/revisions"}],"predecessor-version":[{"id":136,"href":"https:\/\/techxp.eu\/cz\/wp-json\/wp\/v2\/pages\/134\/revisions\/136"}],"up":[{"embeddable":true,"href":"https:\/\/techxp.eu\/cz\/wp-json\/wp\/v2\/pages\/89"}],"wp:attachment":[{"href":"https:\/\/techxp.eu\/cz\/wp-json\/wp\/v2\/media?parent=134"}],"curies":[{"name":"wp","href":"https:\/\/api.w.org\/{rel}","templated":true}]}}