{"id":115,"date":"2020-03-23T13:58:10","date_gmt":"2020-03-23T10:58:10","guid":{"rendered":"http:\/\/techxp.eu\/cz\/?page_id=115"},"modified":"2020-12-30T16:57:36","modified_gmt":"2020-12-30T13:57:36","slug":"document-management-system","status":"publish","type":"page","link":"https:\/\/techxp.eu\/cz\/services\/document-management-system\/","title":{"rendered":"Syst\u00e9m spr\u00e1vy dokument\u016f"},"content":{"rendered":"","protected":false},"excerpt":{"rendered":"","protected":false},"author":6,"featured_media":0,"parent":89,"menu_order":0,"comment_status":"closed","ping_status":"closed","template":"","meta":[],"_links":{"self":[{"href":"https:\/\/techxp.eu\/cz\/wp-json\/wp\/v2\/pages\/115"}],"collection":[{"href":"https:\/\/techxp.eu\/cz\/wp-json\/wp\/v2\/pages"}],"about":[{"href":"https:\/\/techxp.eu\/cz\/wp-json\/wp\/v2\/types\/page"}],"author":[{"embeddable":true,"href":"https:\/\/techxp.eu\/cz\/wp-json\/wp\/v2\/users\/6"}],"replies":[{"embeddable":true,"href":"https:\/\/techxp.eu\/cz\/wp-json\/wp\/v2\/comments?post=115"}],"version-history":[{"count":3,"href":"https:\/\/techxp.eu\/cz\/wp-json\/wp\/v2\/pages\/115\/revisions"}],"predecessor-version":[{"id":123,"href":"https:\/\/techxp.eu\/cz\/wp-json\/wp\/v2\/pages\/115\/revisions\/123"}],"up":[{"embeddable":true,"href":"https:\/\/techxp.eu\/cz\/wp-json\/wp\/v2\/pages\/89"}],"wp:attachment":[{"href":"https:\/\/techxp.eu\/cz\/wp-json\/wp\/v2\/media?parent=115"}],"curies":[{"name":"wp","href":"https:\/\/api.w.org\/{rel}","templated":true}]}}